{"id":197,"date":"2017-11-21T20:11:41","date_gmt":"2017-11-21T19:11:41","guid":{"rendered":"http:\/\/delphinefleury.com\/?page_id=197"},"modified":"2026-03-31T17:03:53","modified_gmt":"2026-03-31T15:03:53","slug":"mentions-legales","status":"publish","type":"page","link":"https:\/\/delphinefleury.com\/index.php\/mentions-legales\/","title":{"rendered":"Mentions l\u00e9gales"},"content":{"rendered":"\t\t<div data-elementor-type=\"wp-page\" data-elementor-id=\"197\" class=\"elementor elementor-197\" data-elementor-settings=\"{&quot;ha_cmc_init_switcher&quot;:&quot;no&quot;}\">\n\t\t\t\t<div class=\"elementor-element elementor-element-1d25555e she-header-yes e-flex e-con-boxed e-con e-parent\" data-id=\"1d25555e\" data-element_type=\"container\" data-e-type=\"container\" data-settings=\"{&quot;transparent&quot;:&quot;yes&quot;,&quot;background_show&quot;:&quot;yes&quot;,&quot;background&quot;:&quot;#FFFFFF&quot;,&quot;bottom_shadow&quot;:&quot;yes&quot;,&quot;shrink_header&quot;:&quot;yes&quot;,&quot;_ha_eqh_enable&quot;:false,&quot;transparent_on&quot;:[&quot;desktop&quot;,&quot;tablet&quot;,&quot;mobile&quot;],&quot;scroll_distance&quot;:{&quot;unit&quot;:&quot;px&quot;,&quot;size&quot;:60,&quot;sizes&quot;:[]},&quot;scroll_distance_tablet&quot;:{&quot;unit&quot;:&quot;px&quot;,&quot;size&quot;:&quot;&quot;,&quot;sizes&quot;:[]},&quot;scroll_distance_mobile&quot;:{&quot;unit&quot;:&quot;px&quot;,&quot;size&quot;:&quot;&quot;,&quot;sizes&quot;:[]},&quot;she_offset_top&quot;:{&quot;unit&quot;:&quot;px&quot;,&quot;size&quot;:0,&quot;sizes&quot;:[]},&quot;she_offset_top_tablet&quot;:{&quot;unit&quot;:&quot;px&quot;,&quot;size&quot;:&quot;&quot;,&quot;sizes&quot;:[]},&quot;she_offset_top_mobile&quot;:{&quot;unit&quot;:&quot;px&quot;,&quot;size&quot;:&quot;&quot;,&quot;sizes&quot;:[]},&quot;she_width&quot;:{&quot;unit&quot;:&quot;%&quot;,&quot;size&quot;:100,&quot;sizes&quot;:[]},&quot;she_width_tablet&quot;:{&quot;unit&quot;:&quot;px&quot;,&quot;size&quot;:&quot;&quot;,&quot;sizes&quot;:[]},&quot;she_width_mobile&quot;:{&quot;unit&quot;:&quot;px&quot;,&quot;size&quot;:&quot;&quot;,&quot;sizes&quot;:[]},&quot;she_padding&quot;:{&quot;unit&quot;:&quot;px&quot;,&quot;top&quot;:0,&quot;right&quot;:&quot;&quot;,&quot;bottom&quot;:0,&quot;left&quot;:&quot;&quot;,&quot;isLinked&quot;:true},&quot;she_padding_tablet&quot;:{&quot;unit&quot;:&quot;px&quot;,&quot;top&quot;:&quot;&quot;,&quot;right&quot;:&quot;&quot;,&quot;bottom&quot;:&quot;&quot;,&quot;left&quot;:&quot;&quot;,&quot;isLinked&quot;:true},&quot;she_padding_mobile&quot;:{&quot;unit&quot;:&quot;px&quot;,&quot;top&quot;:&quot;&quot;,&quot;right&quot;:&quot;&quot;,&quot;bottom&quot;:&quot;&quot;,&quot;left&quot;:&quot;&quot;,&quot;isLinked&quot;:true},&quot;bottom_shadow_color&quot;:&quot;rgba(0, 0, 0, 0.15)&quot;,&quot;bottom_shadow_vertical&quot;:{&quot;unit&quot;:&quot;px&quot;,&quot;size&quot;:0,&quot;sizes&quot;:[]},&quot;bottom_shadow_blur&quot;:{&quot;unit&quot;:&quot;px&quot;,&quot;size&quot;:30,&quot;sizes&quot;:[]},&quot;bottom_shadow_spread&quot;:{&quot;unit&quot;:&quot;px&quot;,&quot;size&quot;:0,&quot;sizes&quot;:[]},&quot;custom_height_header&quot;:{&quot;unit&quot;:&quot;px&quot;,&quot;size&quot;:70,&quot;sizes&quot;:[]},&quot;custom_height_header_tablet&quot;:{&quot;unit&quot;:&quot;px&quot;,&quot;size&quot;:&quot;&quot;,&quot;sizes&quot;:[]},&quot;custom_height_header_mobile&quot;:{&quot;unit&quot;:&quot;px&quot;,&quot;size&quot;:&quot;&quot;,&quot;sizes&quot;:[]}}\">\n\t\t\t\t\t<div class=\"e-con-inner\">\n\t\t<div class=\"elementor-element elementor-element-39b7f23a e-con-full e-flex e-con e-child\" data-id=\"39b7f23a\" data-element_type=\"container\" data-e-type=\"container\" data-settings=\"{&quot;_ha_eqh_enable&quot;:false}\">\n\t\t\t\t<div class=\"elementor-element elementor-element-ae24f65 elementor-widget elementor-widget-heading\" data-id=\"ae24f65\" data-element_type=\"widget\" data-e-type=\"widget\" data-widget_type=\"heading.default\">\n\t\t\t\t\t<h1 class=\"elementor-heading-title elementor-size-default\">DELPHINE FLEURY<\/h1>\t\t\t\t<\/div>\n\t\t\t\t<\/div>\n\t\t<div class=\"elementor-element elementor-element-20b929f3 e-con-full e-flex e-con e-child\" data-id=\"20b929f3\" data-element_type=\"container\" data-e-type=\"container\" data-settings=\"{&quot;_ha_eqh_enable&quot;:false}\">\n\t\t\t\t<div class=\"elementor-element elementor-element-2f159b22 elementor-icon-list--layout-inline elementor-align-end elementor-list-item-link-inline elementor-widget__width-auto elementor-widget elementor-widget-icon-list\" data-id=\"2f159b22\" data-element_type=\"widget\" data-e-type=\"widget\" data-widget_type=\"icon-list.default\">\n\t\t\t\t\t\t\t<ul class=\"elementor-icon-list-items elementor-inline-items\">\n\t\t\t\t\t\t\t<li class=\"elementor-icon-list-item elementor-inline-item\">\n\t\t\t\t\t\t\t\t\t\t\t<a href=\"\/\">\n\n\t\t\t\t\t\t\t\t\t\t\t<span class=\"elementor-icon-list-text\">ACCUEIL<\/span>\n\t\t\t\t\t\t\t\t\t\t\t<\/a>\n\t\t\t\t\t\t\t\t\t<\/li>\n\t\t\t\t\t\t\t\t<li class=\"elementor-icon-list-item elementor-inline-item\">\n\t\t\t\t\t\t\t\t\t\t\t<a href=\"\/#portfolio\">\n\n\t\t\t\t\t\t\t\t\t\t\t<span class=\"elementor-icon-list-text\">PORTFOLIO<\/span>\n\t\t\t\t\t\t\t\t\t\t\t<\/a>\n\t\t\t\t\t\t\t\t\t<\/li>\n\t\t\t\t\t\t\t\t<li class=\"elementor-icon-list-item elementor-inline-item\">\n\t\t\t\t\t\t\t\t\t\t\t<a href=\"\/#mes-services\">\n\n\t\t\t\t\t\t\t\t\t\t\t<span class=\"elementor-icon-list-text\">SERVICES<\/span>\n\t\t\t\t\t\t\t\t\t\t\t<\/a>\n\t\t\t\t\t\t\t\t\t<\/li>\n\t\t\t\t\t\t\t\t<li class=\"elementor-icon-list-item elementor-inline-item\">\n\t\t\t\t\t\t\t\t\t\t\t<a href=\"\/#contact\">\n\n\t\t\t\t\t\t\t\t\t\t\t<span class=\"elementor-icon-list-text\">CONTACT<\/span>\n\t\t\t\t\t\t\t\t\t\t\t<\/a>\n\t\t\t\t\t\t\t\t\t<\/li>\n\t\t\t\t\t\t<\/ul>\n\t\t\t\t\t\t<\/div>\n\t\t\t\t<\/div>\n\t\t\t\t\t<\/div>\n\t\t\t\t<\/div>\n\t\t<div class=\"elementor-element elementor-element-17fbb6db e-flex e-con-boxed e-con e-parent\" data-id=\"17fbb6db\" data-element_type=\"container\" data-e-type=\"container\" data-settings=\"{&quot;_ha_eqh_enable&quot;:false}\">\n\t\t\t\t\t<div class=\"e-con-inner\">\n\t\t\t\t<div class=\"elementor-element elementor-element-e96fcf5 elementor-widget elementor-widget-heading\" data-id=\"e96fcf5\" data-element_type=\"widget\" data-e-type=\"widget\" data-widget_type=\"heading.default\">\n\t\t\t\t\t<h1 class=\"elementor-heading-title elementor-size-default\">Mentions l\u00e9gales<\/h1>\t\t\t\t<\/div>\n\t\t\t\t<div class=\"elementor-element elementor-element-42b17b16 elementor-widget elementor-widget-text-editor\" data-id=\"42b17b16\" data-element_type=\"widget\" data-e-type=\"widget\" data-widget_type=\"text-editor.default\">\n\t\t\t\t\t\t\t\t\t<h4><\/h4>\n<h4><img decoding=\"async\" class=\"alignnone size-full wp-image-511\" src=\"http:\/\/delphinefleury.com\/wp-content\/uploads\/2026\/03\/LOGO.svg\" alt=\"\" width=\"113\" height=\"113\" \/><\/h4>\n<h4 class=\"wp-block-heading\">Le pr\u00e9sent site Internet est la propri\u00e9t\u00e9 de :<\/h4>\nDelphine FLEURY\nAvenue Jean-Jaur\u00e8s 33520 Bruges\ncontact@delphinefleury.com\n\nEntreprise individuelle &#8211;\u00a0\u00a0SIRET : 538 234 212 00040\n<h4 class=\"wp-block-heading\">Responsable de la publication :<\/h4>\nDelphine Fleury\nT\u00e9l\u00e9phone : 07 81 39 31 55\n<h4 class=\"wp-block-heading\">Le site est h\u00e9berg\u00e9 par la soci\u00e9t\u00e9 :<\/h4>\nOVH\nSi\u00e8ge social : 2 rue Kellermann \u2013 59100 Roubaix \u2013 France.SAS au capital de 10.000.000 \u20ac\nRCS Roubaix \u2013 Tourcoing 424 761 419 00045\n<h4 class=\"wp-block-heading\">Cookies<\/h4>\nConform\u00e9ment \u00e0 la directive 2009\/136\/CE, l\u2019utilisateur est inform\u00e9 que lors de ses visites sur le site, un cookie peut s\u2019installer automatiquement sur son logiciel de navigation. La dur\u00e9e de validit\u00e9 de ce consentement est de 13 mois maximum. Un cookie est un \u00e9l\u00e9ment qui ne permet pas d\u2019identifier l\u2019utilisateur mais sert \u00e0 enregistrer des informations relatives \u00e0 la navigation de celui-ci sur le site Internet. L\u2019utilisateur a la possibilit\u00e9 de d\u00e9sactiver l\u2019installation de cookies depuis les param\u00e8tres de son navigateur.\n<h4 class=\"wp-block-heading\">Propri\u00e9t\u00e9 intellectuelle et contrefa\u00e7ons.<\/h4>\nDelphine Fleury est propri\u00e9taire des droits de propri\u00e9t\u00e9 intellectuelle et d\u00e9tient les droits d\u2019usage sur tous les \u00e9l\u00e9ments accessibles sur le site, notamment les textes, images, graphismes, logo, ic\u00f4nes, sons, logiciels.\n\nToute reproduction, repr\u00e9sentation, utilisation, adaptation, modification, incorporation, traduction, commercialisation, partielles ou int\u00e9grales des \u00e9l\u00e9ments contenus dans ce site, quel que soit le moyen ou le proc\u00e9d\u00e9 utilis\u00e9, est interdite, sauf autorisation \u00e9crite pr\u00e9alable de : Delphine Fleury.\n\nToute exploitation non autoris\u00e9e du site ou de l\u2019un quelconque des \u00e9l\u00e9ments qu\u2019il contient sera consid\u00e9r\u00e9e comme constitutive d\u2019une contrefa\u00e7on et poursuivie conform\u00e9ment aux dispositions des articles L.335-2 et suivants du Code de Propri\u00e9t\u00e9 Intellectuelle.\n<h4 class=\"wp-block-heading\">Les principales lois concern\u00e9es<\/h4>\nLoi n\u00b0 78-87 du 6 janvier 1978, notamment modifi\u00e9e par la loi n\u00b0 2004-801 du 6 ao\u00fbt 2004 relative \u00e0 l\u2019informatique, aux fichiers et aux libert\u00e9s.\n\nLoi n\u00b0 2004-575 du 21 juin 2004 pour la confiance dans l\u2019\u00e9conomie num\u00e9rique.\t\t\t\t\t\t\t\t<\/div>\n\t\t\t\t\t<\/div>\n\t\t\t\t<\/div>\n\t\t\t\t<\/div>\n\t\t","protected":false},"excerpt":{"rendered":"<p>DELPHINE FLEURY ACCUEIL PORTFOLIO SERVICES CONTACT Mentions l\u00e9gales Le pr\u00e9sent site Internet est la propri\u00e9t\u00e9 de : Delphine FLEURY Avenue Jean-Jaur\u00e8s 33520 Bruges contact@delphinefleury.com Entreprise individuelle &#8211;\u00a0\u00a0SIRET : 538 234 212 00040 Responsable de la publication : Delphine Fleury T\u00e9l\u00e9phone : 07 81 39 31 55 Le site est h\u00e9berg\u00e9 par la soci\u00e9t\u00e9 : OVH [&hellip;]<\/p>\n","protected":false},"author":1,"featured_media":0,"parent":0,"menu_order":0,"comment_status":"closed","ping_status":"closed","template":"","meta":{"footnotes":""},"class_list":["post-197","page","type-page","status-publish","hentry"],"yoast_head":"<!-- This site is optimized with the Yoast SEO plugin v27.2 - https:\/\/yoast.com\/product\/yoast-seo-wordpress\/ -->\n<title>Mentions l\u00e9gales - Delphine Fleury<\/title>\n<meta name=\"robots\" content=\"index, follow, max-snippet:-1, max-image-preview:large, max-video-preview:-1\" \/>\n<link rel=\"canonical\" href=\"https:\/\/delphinefleury.com\/index.php\/mentions-legales\/\" \/>\n<meta property=\"og:locale\" content=\"fr_FR\" \/>\n<meta property=\"og:type\" content=\"article\" \/>\n<meta property=\"og:title\" content=\"Mentions l\u00e9gales - Delphine Fleury\" \/>\n<meta property=\"og:description\" content=\"DELPHINE FLEURY ACCUEIL PORTFOLIO SERVICES CONTACT Mentions l\u00e9gales Le pr\u00e9sent site Internet est la propri\u00e9t\u00e9 de : Delphine FLEURY Avenue Jean-Jaur\u00e8s 33520 Bruges contact@delphinefleury.com Entreprise individuelle &#8211;\u00a0\u00a0SIRET : 538 234 212 00040 Responsable de la publication : Delphine Fleury T\u00e9l\u00e9phone : 07 81 39 31 55 Le site est h\u00e9berg\u00e9 par la soci\u00e9t\u00e9 : OVH [&hellip;]\" \/>\n<meta property=\"og:url\" content=\"https:\/\/delphinefleury.com\/index.php\/mentions-legales\/\" \/>\n<meta property=\"og:site_name\" content=\"Delphine Fleury\" \/>\n<meta property=\"article:modified_time\" content=\"2026-03-31T15:03:53+00:00\" \/>\n<meta name=\"twitter:card\" content=\"summary_large_image\" \/>\n<meta name=\"twitter:label1\" content=\"Dur\u00e9e de lecture estim\u00e9e\" \/>\n\t<meta name=\"twitter:data1\" content=\"2 minutes\" \/>\n<script type=\"application\/ld+json\" class=\"yoast-schema-graph\">{\"@context\":\"https:\/\/schema.org\",\"@graph\":[{\"@type\":\"WebPage\",\"@id\":\"https:\/\/delphinefleury.com\/index.php\/mentions-legales\/\",\"url\":\"https:\/\/delphinefleury.com\/index.php\/mentions-legales\/\",\"name\":\"Mentions l\u00e9gales - Delphine Fleury\",\"isPartOf\":{\"@id\":\"https:\/\/delphinefleury.com\/#website\"},\"primaryImageOfPage\":{\"@id\":\"https:\/\/delphinefleury.com\/index.php\/mentions-legales\/#primaryimage\"},\"image\":{\"@id\":\"https:\/\/delphinefleury.com\/index.php\/mentions-legales\/#primaryimage\"},\"thumbnailUrl\":\"http:\/\/delphinefleury.com\/wp-content\/uploads\/2026\/03\/LOGO.svg\",\"datePublished\":\"2017-11-21T19:11:41+00:00\",\"dateModified\":\"2026-03-31T15:03:53+00:00\",\"breadcrumb\":{\"@id\":\"https:\/\/delphinefleury.com\/index.php\/mentions-legales\/#breadcrumb\"},\"inLanguage\":\"fr-FR\",\"potentialAction\":[{\"@type\":\"ReadAction\",\"target\":[\"https:\/\/delphinefleury.com\/index.php\/mentions-legales\/\"]}]},{\"@type\":\"ImageObject\",\"inLanguage\":\"fr-FR\",\"@id\":\"https:\/\/delphinefleury.com\/index.php\/mentions-legales\/#primaryimage\",\"url\":\"https:\/\/delphinefleury.com\/wp-content\/uploads\/2026\/03\/LOGO.svg\",\"contentUrl\":\"https:\/\/delphinefleury.com\/wp-content\/uploads\/2026\/03\/LOGO.svg\",\"width\":113,\"height\":113},{\"@type\":\"BreadcrumbList\",\"@id\":\"https:\/\/delphinefleury.com\/index.php\/mentions-legales\/#breadcrumb\",\"itemListElement\":[{\"@type\":\"ListItem\",\"position\":1,\"name\":\"Accueil\",\"item\":\"https:\/\/delphinefleury.com\/\"},{\"@type\":\"ListItem\",\"position\":2,\"name\":\"Mentions l\u00e9gales\"}]},{\"@type\":\"WebSite\",\"@id\":\"https:\/\/delphinefleury.com\/#website\",\"url\":\"https:\/\/delphinefleury.com\/\",\"name\":\"Delphine Fleury\",\"description\":\"Graphiste - Maquettiste\",\"potentialAction\":[{\"@type\":\"SearchAction\",\"target\":{\"@type\":\"EntryPoint\",\"urlTemplate\":\"https:\/\/delphinefleury.com\/?s={search_term_string}\"},\"query-input\":{\"@type\":\"PropertyValueSpecification\",\"valueRequired\":true,\"valueName\":\"search_term_string\"}}],\"inLanguage\":\"fr-FR\"}]}<\/script>\n<!-- \/ Yoast SEO plugin. -->","yoast_head_json":{"title":"Mentions l\u00e9gales - Delphine Fleury","robots":{"index":"index","follow":"follow","max-snippet":"max-snippet:-1","max-image-preview":"max-image-preview:large","max-video-preview":"max-video-preview:-1"},"canonical":"https:\/\/delphinefleury.com\/index.php\/mentions-legales\/","og_locale":"fr_FR","og_type":"article","og_title":"Mentions l\u00e9gales - Delphine Fleury","og_description":"DELPHINE FLEURY ACCUEIL PORTFOLIO SERVICES CONTACT Mentions l\u00e9gales Le pr\u00e9sent site Internet est la propri\u00e9t\u00e9 de : Delphine FLEURY Avenue Jean-Jaur\u00e8s 33520 Bruges contact@delphinefleury.com Entreprise individuelle &#8211;\u00a0\u00a0SIRET : 538 234 212 00040 Responsable de la publication : Delphine Fleury T\u00e9l\u00e9phone : 07 81 39 31 55 Le site est h\u00e9berg\u00e9 par la soci\u00e9t\u00e9 : OVH [&hellip;]","og_url":"https:\/\/delphinefleury.com\/index.php\/mentions-legales\/","og_site_name":"Delphine Fleury","article_modified_time":"2026-03-31T15:03:53+00:00","twitter_card":"summary_large_image","twitter_misc":{"Dur\u00e9e de lecture estim\u00e9e":"2 minutes"},"schema":{"@context":"https:\/\/schema.org","@graph":[{"@type":"WebPage","@id":"https:\/\/delphinefleury.com\/index.php\/mentions-legales\/","url":"https:\/\/delphinefleury.com\/index.php\/mentions-legales\/","name":"Mentions l\u00e9gales - Delphine Fleury","isPartOf":{"@id":"https:\/\/delphinefleury.com\/#website"},"primaryImageOfPage":{"@id":"https:\/\/delphinefleury.com\/index.php\/mentions-legales\/#primaryimage"},"image":{"@id":"https:\/\/delphinefleury.com\/index.php\/mentions-legales\/#primaryimage"},"thumbnailUrl":"http:\/\/delphinefleury.com\/wp-content\/uploads\/2026\/03\/LOGO.svg","datePublished":"2017-11-21T19:11:41+00:00","dateModified":"2026-03-31T15:03:53+00:00","breadcrumb":{"@id":"https:\/\/delphinefleury.com\/index.php\/mentions-legales\/#breadcrumb"},"inLanguage":"fr-FR","potentialAction":[{"@type":"ReadAction","target":["https:\/\/delphinefleury.com\/index.php\/mentions-legales\/"]}]},{"@type":"ImageObject","inLanguage":"fr-FR","@id":"https:\/\/delphinefleury.com\/index.php\/mentions-legales\/#primaryimage","url":"https:\/\/delphinefleury.com\/wp-content\/uploads\/2026\/03\/LOGO.svg","contentUrl":"https:\/\/delphinefleury.com\/wp-content\/uploads\/2026\/03\/LOGO.svg","width":113,"height":113},{"@type":"BreadcrumbList","@id":"https:\/\/delphinefleury.com\/index.php\/mentions-legales\/#breadcrumb","itemListElement":[{"@type":"ListItem","position":1,"name":"Accueil","item":"https:\/\/delphinefleury.com\/"},{"@type":"ListItem","position":2,"name":"Mentions l\u00e9gales"}]},{"@type":"WebSite","@id":"https:\/\/delphinefleury.com\/#website","url":"https:\/\/delphinefleury.com\/","name":"Delphine Fleury","description":"Graphiste - Maquettiste","potentialAction":[{"@type":"SearchAction","target":{"@type":"EntryPoint","urlTemplate":"https:\/\/delphinefleury.com\/?s={search_term_string}"},"query-input":{"@type":"PropertyValueSpecification","valueRequired":true,"valueName":"search_term_string"}}],"inLanguage":"fr-FR"}]}},"_links":{"self":[{"href":"https:\/\/delphinefleury.com\/index.php\/wp-json\/wp\/v2\/pages\/197","targetHints":{"allow":["GET"]}}],"collection":[{"href":"https:\/\/delphinefleury.com\/index.php\/wp-json\/wp\/v2\/pages"}],"about":[{"href":"https:\/\/delphinefleury.com\/index.php\/wp-json\/wp\/v2\/types\/page"}],"author":[{"embeddable":true,"href":"https:\/\/delphinefleury.com\/index.php\/wp-json\/wp\/v2\/users\/1"}],"replies":[{"embeddable":true,"href":"https:\/\/delphinefleury.com\/index.php\/wp-json\/wp\/v2\/comments?post=197"}],"version-history":[{"count":14,"href":"https:\/\/delphinefleury.com\/index.php\/wp-json\/wp\/v2\/pages\/197\/revisions"}],"predecessor-version":[{"id":905,"href":"https:\/\/delphinefleury.com\/index.php\/wp-json\/wp\/v2\/pages\/197\/revisions\/905"}],"wp:attachment":[{"href":"https:\/\/delphinefleury.com\/index.php\/wp-json\/wp\/v2\/media?parent=197"}],"curies":[{"name":"wp","href":"https:\/\/api.w.org\/{rel}","templated":true}]}}