{"id":730,"date":"2026-03-23T14:49:19","date_gmt":"2026-03-23T13:49:19","guid":{"rendered":"https:\/\/delphinefleury.com\/?page_id=730"},"modified":"2026-03-31T17:01:14","modified_gmt":"2026-03-31T15:01:14","slug":"politiques-de-confidentialite","status":"publish","type":"page","link":"https:\/\/delphinefleury.com\/index.php\/politiques-de-confidentialite\/","title":{"rendered":"Politiques de confidentialit\u00e9"},"content":{"rendered":"\t\t<div data-elementor-type=\"wp-page\" data-elementor-id=\"730\" class=\"elementor elementor-730\" data-elementor-settings=\"{&quot;ha_cmc_init_switcher&quot;:&quot;no&quot;}\">\n\t\t\t\t<div class=\"elementor-element elementor-element-7bde672b she-header-yes e-flex e-con-boxed e-con e-parent\" data-id=\"7bde672b\" data-element_type=\"container\" data-e-type=\"container\" data-settings=\"{&quot;transparent&quot;:&quot;yes&quot;,&quot;background_show&quot;:&quot;yes&quot;,&quot;background&quot;:&quot;#FFFFFF&quot;,&quot;bottom_shadow&quot;:&quot;yes&quot;,&quot;shrink_header&quot;:&quot;yes&quot;,&quot;_ha_eqh_enable&quot;:false,&quot;transparent_on&quot;:[&quot;desktop&quot;,&quot;tablet&quot;,&quot;mobile&quot;],&quot;scroll_distance&quot;:{&quot;unit&quot;:&quot;px&quot;,&quot;size&quot;:60,&quot;sizes&quot;:[]},&quot;scroll_distance_tablet&quot;:{&quot;unit&quot;:&quot;px&quot;,&quot;size&quot;:&quot;&quot;,&quot;sizes&quot;:[]},&quot;scroll_distance_mobile&quot;:{&quot;unit&quot;:&quot;px&quot;,&quot;size&quot;:&quot;&quot;,&quot;sizes&quot;:[]},&quot;she_offset_top&quot;:{&quot;unit&quot;:&quot;px&quot;,&quot;size&quot;:0,&quot;sizes&quot;:[]},&quot;she_offset_top_tablet&quot;:{&quot;unit&quot;:&quot;px&quot;,&quot;size&quot;:&quot;&quot;,&quot;sizes&quot;:[]},&quot;she_offset_top_mobile&quot;:{&quot;unit&quot;:&quot;px&quot;,&quot;size&quot;:&quot;&quot;,&quot;sizes&quot;:[]},&quot;she_width&quot;:{&quot;unit&quot;:&quot;%&quot;,&quot;size&quot;:100,&quot;sizes&quot;:[]},&quot;she_width_tablet&quot;:{&quot;unit&quot;:&quot;px&quot;,&quot;size&quot;:&quot;&quot;,&quot;sizes&quot;:[]},&quot;she_width_mobile&quot;:{&quot;unit&quot;:&quot;px&quot;,&quot;size&quot;:&quot;&quot;,&quot;sizes&quot;:[]},&quot;she_padding&quot;:{&quot;unit&quot;:&quot;px&quot;,&quot;top&quot;:0,&quot;right&quot;:&quot;&quot;,&quot;bottom&quot;:0,&quot;left&quot;:&quot;&quot;,&quot;isLinked&quot;:true},&quot;she_padding_tablet&quot;:{&quot;unit&quot;:&quot;px&quot;,&quot;top&quot;:&quot;&quot;,&quot;right&quot;:&quot;&quot;,&quot;bottom&quot;:&quot;&quot;,&quot;left&quot;:&quot;&quot;,&quot;isLinked&quot;:true},&quot;she_padding_mobile&quot;:{&quot;unit&quot;:&quot;px&quot;,&quot;top&quot;:&quot;&quot;,&quot;right&quot;:&quot;&quot;,&quot;bottom&quot;:&quot;&quot;,&quot;left&quot;:&quot;&quot;,&quot;isLinked&quot;:true},&quot;bottom_shadow_color&quot;:&quot;rgba(0, 0, 0, 0.15)&quot;,&quot;bottom_shadow_vertical&quot;:{&quot;unit&quot;:&quot;px&quot;,&quot;size&quot;:0,&quot;sizes&quot;:[]},&quot;bottom_shadow_blur&quot;:{&quot;unit&quot;:&quot;px&quot;,&quot;size&quot;:30,&quot;sizes&quot;:[]},&quot;bottom_shadow_spread&quot;:{&quot;unit&quot;:&quot;px&quot;,&quot;size&quot;:0,&quot;sizes&quot;:[]},&quot;custom_height_header&quot;:{&quot;unit&quot;:&quot;px&quot;,&quot;size&quot;:70,&quot;sizes&quot;:[]},&quot;custom_height_header_tablet&quot;:{&quot;unit&quot;:&quot;px&quot;,&quot;size&quot;:&quot;&quot;,&quot;sizes&quot;:[]},&quot;custom_height_header_mobile&quot;:{&quot;unit&quot;:&quot;px&quot;,&quot;size&quot;:&quot;&quot;,&quot;sizes&quot;:[]}}\">\n\t\t\t\t\t<div class=\"e-con-inner\">\n\t\t<div class=\"elementor-element elementor-element-3207eb4a e-con-full e-flex e-con e-child\" data-id=\"3207eb4a\" data-element_type=\"container\" data-e-type=\"container\" data-settings=\"{&quot;_ha_eqh_enable&quot;:false}\">\n\t\t\t\t<div class=\"elementor-element elementor-element-5dcfa6c2 elementor-widget elementor-widget-heading\" data-id=\"5dcfa6c2\" data-element_type=\"widget\" data-e-type=\"widget\" data-widget_type=\"heading.default\">\n\t\t\t\t\t<h1 class=\"elementor-heading-title elementor-size-default\">DELPHINE FLEURY<\/h1>\t\t\t\t<\/div>\n\t\t\t\t<\/div>\n\t\t<div class=\"elementor-element elementor-element-3c7f3fe9 e-con-full e-flex e-con e-child\" data-id=\"3c7f3fe9\" data-element_type=\"container\" data-e-type=\"container\" data-settings=\"{&quot;_ha_eqh_enable&quot;:false}\">\n\t\t\t\t<div class=\"elementor-element elementor-element-4138bdbe elementor-icon-list--layout-inline elementor-align-end elementor-list-item-link-inline elementor-widget__width-auto elementor-widget elementor-widget-icon-list\" data-id=\"4138bdbe\" data-element_type=\"widget\" data-e-type=\"widget\" data-widget_type=\"icon-list.default\">\n\t\t\t\t\t\t\t<ul class=\"elementor-icon-list-items elementor-inline-items\">\n\t\t\t\t\t\t\t<li class=\"elementor-icon-list-item elementor-inline-item\">\n\t\t\t\t\t\t\t\t\t\t\t<a href=\"\/\">\n\n\t\t\t\t\t\t\t\t\t\t\t<span class=\"elementor-icon-list-text\">ACCUEIL<\/span>\n\t\t\t\t\t\t\t\t\t\t\t<\/a>\n\t\t\t\t\t\t\t\t\t<\/li>\n\t\t\t\t\t\t\t\t<li class=\"elementor-icon-list-item elementor-inline-item\">\n\t\t\t\t\t\t\t\t\t\t\t<a href=\"\/#portfolio\">\n\n\t\t\t\t\t\t\t\t\t\t\t<span class=\"elementor-icon-list-text\">PORTFOLIO<\/span>\n\t\t\t\t\t\t\t\t\t\t\t<\/a>\n\t\t\t\t\t\t\t\t\t<\/li>\n\t\t\t\t\t\t\t\t<li class=\"elementor-icon-list-item elementor-inline-item\">\n\t\t\t\t\t\t\t\t\t\t\t<a href=\"\/#mes-services\">\n\n\t\t\t\t\t\t\t\t\t\t\t<span class=\"elementor-icon-list-text\">SERVICES<\/span>\n\t\t\t\t\t\t\t\t\t\t\t<\/a>\n\t\t\t\t\t\t\t\t\t<\/li>\n\t\t\t\t\t\t\t\t<li class=\"elementor-icon-list-item elementor-inline-item\">\n\t\t\t\t\t\t\t\t\t\t\t<a href=\"\/#contact\">\n\n\t\t\t\t\t\t\t\t\t\t\t<span class=\"elementor-icon-list-text\">CONTACT<\/span>\n\t\t\t\t\t\t\t\t\t\t\t<\/a>\n\t\t\t\t\t\t\t\t\t<\/li>\n\t\t\t\t\t\t<\/ul>\n\t\t\t\t\t\t<\/div>\n\t\t\t\t<\/div>\n\t\t\t\t\t<\/div>\n\t\t\t\t<\/div>\n\t\t<div class=\"elementor-element elementor-element-5f643ba0 e-flex e-con-boxed e-con e-parent\" data-id=\"5f643ba0\" data-element_type=\"container\" data-e-type=\"container\" data-settings=\"{&quot;_ha_eqh_enable&quot;:false}\">\n\t\t\t\t\t<div class=\"e-con-inner\">\n\t\t\t\t<div class=\"elementor-element elementor-element-e56977b elementor-widget elementor-widget-text-editor\" data-id=\"e56977b\" data-element_type=\"widget\" data-e-type=\"widget\" data-widget_type=\"text-editor.default\">\n\t\t\t\t\t\t\t\t\t\n<h1 class=\"wp-block-heading\">Politique de confidentialit\u00e9<\/h1>\n\n\n\n<h2 class=\"wp-block-heading\">1. Qui sommes nous<\/h2>\n\n\n\n<p>Le site web\u00a0<a href=\"https:\/\/www.samantha-abbate.com\/politique-de-confidentialite\/www.samantha-abbate.com\">www.delphinefleury.com<\/a>\u00a0est le site de l&rsquo;EI Delphine Fleury.<br>Il s\u2019agit d\u2019un site pr\u00e9sentant les informations et services de l&rsquo;entreprise.<\/p>\n\n\n\n<h2 class=\"wp-block-heading\">2. Collecte de l\u2019information<\/h2>\n\n\n\n<p>Nous recueillons des informations lorsque vous vous inscrivez sur notre site, lorsque vous vous connectez \u00e0 votre compte, faites un achat, participez \u00e0 un concours, et \/ ou lorsque vous vous d\u00e9connectez.<\/p>\n\n\n\n<p>Les informations recueillies incluent votre nom, votre adresse e-mail, num\u00e9ro de t\u00e9l\u00e9phone, et \/ ou carte de cr\u00e9dit. En outre, nous recevons et enregistrons automatiquement des informations \u00e0 partir de votre ordinateur et navigateur, y compris votre adresse IP, vos logiciels et votre mat\u00e9riel, et la page que vous demandez.<\/p>\n\n\n\n<h3 class=\"wp-block-heading\">Donn\u00e9es personnelles<\/h3>\n\n\n\n<p>Sur le site web\u00a0<a href=\"https:\/\/www.samantha-abbate.com\/politique-de-confidentialite\/www.samantha-abbate.com\"><a href=\"https:\/\/www.samantha-abbate.com\/politique-de-confidentialite\/www.samantha-abbate.com\">www.delphinefleury.com<\/a>\u00a0<\/a>, il y a 2 types de donn\u00e9es susceptibles d\u2019\u00eatre recueillies :<\/p>\n\n\n\n<ul class=\"wp-block-list\">\n<li><strong>Les donn\u00e9es transmises directement<\/strong><\/li>\n<\/ul>\n\n\n\n<p>Ces donn\u00e9es sont celles que vous nous transmettez directement, via un formulaire de contact ou bien par contact direct par e-mail. Sont obligatoires dans le formulaire de contact le champs \u00ab pr\u00e9nom et nom \u00bb, \u00ab entreprise ou organisation \u00bb et \u00ab e-mail \u00bb.<\/p>\n\n\n\n<ul class=\"wp-block-list\">\n<li><strong>Les donn\u00e9es collect\u00e9es automatiquement<\/strong><\/li>\n<\/ul>\n\n\n\n<p>Lors de vos visites, une fois votre consentement donn\u00e9, nous pouvons recueillir des informations de type \u00ab Web Analytics \u00bb relatives \u00e0 votre navigation, la dur\u00e9e de votre consultation, votre adresse IP, votre type et version de navigateur. La technologie utilis\u00e9e est le cookie.<\/p>\n\n\n\n<h2 class=\"wp-block-heading\">3. Utilisation des informations<\/h2>\n\n\n\n<p>Toutes les informations que nous recueillons aupr\u00e8s de vous peuvent \u00eatre utilis\u00e9es pour :<\/p>\n\n\n\n<ul class=\"wp-block-list\">\n<li>Personnaliser votre exp\u00e9rience et r\u00e9pondre \u00e0 vos besoins individuels<\/li>\n\n\n\n<li>Fournir un contenu publicitaire personnalis\u00e9<\/li>\n\n\n\n<li>R\u00e9aliser des op\u00e9rations de marketing automatis\u00e9e et\/ou de profilage r\u00e9alis\u00e9es \u00e0 l\u2019aide des donn\u00e9es personnelles<\/li>\n\n\n\n<li>Am\u00e9liorer notre site<\/li>\n\n\n\n<li>Am\u00e9liorer le service client et vos besoins de prise en charge<\/li>\n\n\n\n<li>Vous contacter par e-mail<\/li>\n\n\n\n<li>Administrer un concours, une promotion, ou une enqu\u00eate<\/li>\n<\/ul>\n\n\n\n<p>Les donn\u00e9es \u00ab Web Analytics \u00bb sont collect\u00e9es de fa\u00e7on anonyme (en enregistrant des adresses IP anonymes) par Google Analytics, et nous permettent de mesurer l&rsquo;audience de notre site web, les consultations et les \u00e9ventuelles erreurs afin d\u2019am\u00e9liorer constamment l\u2019exp\u00e9rience des utilisateurs. Ces donn\u00e9es sont utilis\u00e9es par&nbsp;l&rsquo;EI Samantha Abbate, responsable du traitement des donn\u00e9es, et ne seront jamais c\u00e9d\u00e9es \u00e0 un tiers ni utilis\u00e9es \u00e0 d\u2019autres fins que celles d\u00e9taill\u00e9es ci-dessus.<\/p>\n\n\n\n<h2 class=\"wp-block-heading\">4. Base l\u00e9gale<\/h2>\n\n\n\n<p>Les donn\u00e9es personnelles ne sont collect\u00e9es qu\u2019apr\u00e8s consentement obligatoire de l\u2019utilisateur.<\/p>\n\n\n\n<p>Ce consentement est valablement recueilli (boutons et cases \u00e0 cocher), libre, clair et sans \u00e9quivoque.<\/p>\n\n\n\n<h3 class=\"wp-block-heading\">Dur\u00e9e de conservation<\/h3>\n\n\n\n<p>Les cookies sont conserv\u00e9s pendant une dur\u00e9e maximale de 13 mois.<\/p>\n\n\n\n<h2 class=\"wp-block-heading\"><\/h2>\n\n\n\n<h2 class=\"wp-block-heading\">5. Cookies<\/h2>\n\n\n\n<p>Les cookies plac\u00e9s sont :<\/p>\n\n\n\n<ul class=\"wp-block-list\">\n<li><strong>Les cookies Essentiels :<\/strong><br>Les cookies Essentiels sont indispensables au bon fonctionnement du site web. Ces cookies assurent les fonctionnalit\u00e9s de base et les caract\u00e9ristiques de s\u00e9curit\u00e9 du site web, de mani\u00e8re anonyme.<\/li>\n\n\n\n<li><strong>Les cookies Publicit\u00e9s :<\/strong><br>Les cookies publicitaires sont utilis\u00e9s pour fournir aux visiteurs des annonces et des campagnes de marketing pertinentes. Ces cookies suivent les visiteurs sur les sites web et collectent des informations pour fournir des publicit\u00e9s personnalis\u00e9es.<\/li>\n\n\n\n<li><strong>Les cookies Statistiques :<\/strong><br>Les cookies analytiques sont utilis\u00e9s pour comprendre comment les visiteurs interagissent avec le site web. Ces cookies permettent de fournir des informations sur les mesures du nombre de visiteurs, la source de trafic, etc.<\/li>\n\n\n\n<li><strong>Les cookies Performance :<\/strong><br>Les cookies de performance sont utilis\u00e9s pour comprendre et analyser les indices de performance cl\u00e9s du site web, ce qui permet d&rsquo;offrir une meilleure exp\u00e9rience utilisateur aux visiteurs.<\/li>\n\n\n\n<li><strong>Autres :<\/strong><br>Les autres cookies non cat\u00e9goris\u00e9s sont ceux qui sont en cours d&rsquo;analyse et qui n&rsquo;ont pas encore \u00e9t\u00e9 class\u00e9s dans une cat\u00e9gorie.<\/li>\n<\/ul>\n\n\n\n<p>Le d\u00e9tail de chaque cookie est indiqu\u00e9 dans l&rsquo;aper\u00e7u de confidentialit\u00e9.<\/p>\n\n\n\n<h2 class=\"wp-block-heading\">6. Formulaires de contact<\/h2>\n\n\n\n<h3 class=\"wp-block-heading\">Cookies des formulaires de contact et de paiement<\/h3>\n\n\n\n<p>Si vous d\u00e9posez un message sur notre site, ou que vous proc\u00e9dez \u00e0 une commande, il vous sera propos\u00e9 d\u2019enregistrer vos informations (votre nom, adresse e-mail, site, etc.) dans des cookies.<\/p>\n\n\n\n<p>C\u2019est uniquement pour votre confort afin de ne pas avoir \u00e0 saisir ces informations si vous d\u00e9posez un autre commentaire plus tard. Ces cookies expirent au bout d\u2019un an.<\/p>\n\n\n\n<p>Si vous vous rendez sur la page de connexion, un cookie temporaire sera cr\u00e9\u00e9 afin de d\u00e9terminer si votre navigateur accepte les cookies. Il ne contient pas de donn\u00e9es personnelles et sera supprim\u00e9 automatiquement \u00e0 la fermeture de votre navigateur.<\/p>\n\n\n\n<p>Lorsque vous vous connecterez, nous mettrons en place un certain nombre de cookies pour enregistrer vos informations de connexion et vos pr\u00e9f\u00e9rences d\u2019\u00e9cran. La dur\u00e9e de vie d\u2019un cookie de connexion est de deux jours, celle d\u2019un cookie d\u2019option d\u2019\u00e9cran est d\u2019un an. Si vous cochez \u00ab Se souvenir de moi \u00bb, votre cookie de connexion sera conserv\u00e9 pendant deux semaines. Si vous vous d\u00e9connectez de votre compte, le cookie de connexion sera effac\u00e9.<\/p>\n\n\n\n<p>En modifiant ou en publiant une publication, un cookie suppl\u00e9mentaire sera enregistr\u00e9 dans votre navigateur. Ce cookie ne comprend aucune donn\u00e9e personnelle. Il indique simplement l\u2019ID de la publication que vous venez de modifier. Il expire au bout d\u2019un jour.&nbsp;<\/p>\n\n\n\n<h2 class=\"wp-block-heading\"><\/h2>\n\n\n\n<h2 class=\"wp-block-heading\">7. Contenu embarqu\u00e9 depuis d\u2019autres sites<\/h2>\n\n\n\n<p>Les pages de ce site peuvent inclure des contenus int\u00e9gr\u00e9s (par exemple des vid\u00e9os, images, articles\u2026). Le contenu int\u00e9gr\u00e9 depuis d\u2019autres sites se comporte de la m\u00eame mani\u00e8re que si le visiteur se rendait sur cet autre site.<\/p>\n\n\n\n<p>Ces sites web pourraient collecter des donn\u00e9es sur vous, utiliser des cookies, embarquer des outils de suivis tiers, suivre vos interactions avec ces contenus embarqu\u00e9s si vous disposez d\u2019un compte connect\u00e9 sur leur site web.<\/p>\n\n\n\n<h2 class=\"wp-block-heading\">8. Confidentialit\u00e9 du commerce en ligne<\/h2>\n\n\n\n<p>Nous sommes les seuls propri\u00e9taires des informations recueillies sur ce site.<\/p>\n\n\n\n<p>Vos informations personnelles ne seront pas vendues, \u00e9chang\u00e9es, transf\u00e9r\u00e9es, ou donn\u00e9es \u00e0 une autre soci\u00e9t\u00e9 pour n\u2019importe quelle raison, sans votre consentement, en dehors de ce qui est n\u00e9cessaire pour r\u00e9pondre \u00e0 une demande et \/ ou une transaction, comme par exemple pour exp\u00e9dier une commande.<\/p>\n\n\n\n<h2 class=\"wp-block-heading\">9. Divulgation \u00e0 des tiers<\/h2>\n\n\n\n<p>Nous ne vendons, n\u2019\u00e9changeons et ne transf\u00e9rons pas vos informations personnelles identifiables \u00e0 des tiers.<br><br>Cependant nous pouvons \u00eatre amen\u00e9s \u00e0 travailler avec des tierces parties de confiance qui nous aident \u00e0 exploiter notre site Web ou \u00e0 mener nos affaires. Ces parties conviennent de garder ces informations confidentielles.<\/p>\n\n\n\n<p>Les informations non priv\u00e9es, cependant, peuvent \u00eatre fournies \u00e0 d\u2019autres parties pour le marketing ou la publicit\u00e9.<\/p>\n\n\n\n<h2 class=\"wp-block-heading\">10. Protection des informations<\/h2>\n\n\n\n<p>Nous mettons en \u0153uvre une vari\u00e9t\u00e9 de mesures de s\u00e9curit\u00e9 pour pr\u00e9server la s\u00e9curit\u00e9 de vos informations personnelles.<\/p>\n\n\n\n<p>Nous prot\u00e9geons \u00e9galement vos informations hors ligne. Seuls les collaborateurs qui ont besoin d\u2019effectuer un travail sp\u00e9cifique (par exemple, la facturation ou le service \u00e0 la client\u00e8le) ont acc\u00e8s aux informations personnelles identifiables.<\/p>\n\n\n\n<p>Les ordinateurs et serveurs utilis\u00e9s pour stocker des informations personnelles identifiables sont conserv\u00e9s dans un environnement s\u00e9curis\u00e9.<\/p>\n\n\n\n<h3 class=\"wp-block-heading\">Est-ce que nous utilisons des cookies ?<\/h3>\n\n\n\n<p>Oui, car nos cookies am\u00e9liorent l\u2019acc\u00e8s \u00e0 notre site et identifient les visiteurs r\u00e9guliers.<\/p>\n\n\n\n<p>En outre, nos cookies am\u00e9liorent l&rsquo;exp\u00e9rience utilisateur gr\u00e2ce au suivi et au ciblage de ses int\u00e9r\u00eats. Cependant, cette utilisation des cookies n\u2019est en aucune fa\u00e7on li\u00e9e \u00e0 des informations personnelles identifiables sur notre site.<\/p>\n\n\n\n<h3 class=\"wp-block-heading\">Vos droits concernant les donn\u00e9es personnelles<\/h3>\n\n\n\n<p>Vous avez le droit de consultation, demande de modification ou d\u2019effacement sur l\u2019ensemble de vos donn\u00e9es personnelles. Vous pouvez \u00e9galement retirer votre consentement au traitement de vos donn\u00e9es.<\/p>\n\n\n\n<p>Vous pouvez demander la suppression des donn\u00e9es personnelles vous concernant. Cela ne prend pas en compte les donn\u00e9es stock\u00e9es \u00e0 des fins administratives, l\u00e9gales ou pour des raisons de s\u00e9curit\u00e9.<\/p>\n\n\n\n<h3 class=\"wp-block-heading\">Utilisation et transmission de vos donn\u00e9es personnelles<\/h3>\n\n\n\n<p>Si vous demandez une r\u00e9initialisation de votre mot de passe, votre adresse IP sera incluse dans l\u2019e-mail de r\u00e9initialisation.<\/p>\n\n\n\n<h2 class=\"wp-block-heading\">11. Se d\u00e9sabonner<\/h2>\n\n\n\n<p>Nous utilisons l\u2019adresse e-mail que vous fournissez pour vous envoyer des informations et mises \u00e0 jour relatives \u00e0 votre commande, des nouvelles de l\u2019entreprise de fa\u00e7on occasionnelle, des informations sur des produits li\u00e9s, etc.<\/p>\n\n\n\n<p>Si \u00e0 n\u2019importe quel moment vous souhaitez vous d\u00e9sinscrire et ne plus recevoir d\u2019e-mails, des instructions de d\u00e9sabonnement d\u00e9taill\u00e9es sont incluses en bas de chaque e-mail.<\/p>\n\n\n\n<h2 class=\"wp-block-heading\">12. Consentement<\/h2>\n\n\n\n<p>En utilisant notre site, vous consentez \u00e0 notre politique de confidentialit\u00e9.<\/p>\n\n\n\n<h2 class=\"wp-block-heading\">13. Dur\u00e9es de stockage de vos donn\u00e9es<\/h2>\n\n\n\n<p>Si vous laissez un commentaire, le commentaire et ses m\u00e9tadonn\u00e9es sont conserv\u00e9s ind\u00e9finiment. Cela permet de reconna\u00eetre et approuver automatiquement les commentaires suivants au lieu de les laisser dans la file de mod\u00e9ration.<\/p>\n\n\n\n<p>Pour les comptes qui s\u2019inscrivent sur notre site (le cas \u00e9ch\u00e9ant), nous stockons \u00e9galement les donn\u00e9es personnelles indiqu\u00e9es dans leur profil. Tous les comptes peuvent voir, modifier ou supprimer leurs informations personnelles \u00e0 tout moment (\u00e0 l\u2019exception de leur identifiant). Les gestionnaires du site peuvent aussi voir et modifier ces informations.<\/p>\n\n\n\n<h2 class=\"wp-block-heading\">14. Contact d\u00e9l\u00e9gu\u00e9 \u00e0 la protection des donn\u00e9es<\/h2>\n\n\n\n<p>Delphine Fleury, Avenue Jean-Jaur\u00e8s 33520 Bruges<br><a href=\"https:\/\/www.samantha-abbate.com\/politique-de-confidentialite\/www.samantha-abbate.com\/contact%C2%A0\">www.delphinefleury.com<\/a><\/p>\n\n\n\n<p><\/p>\n\t\t\t\t\t\t\t\t<\/div>\n\t\t\t\t\t<\/div>\n\t\t\t\t<\/div>\n\t\t\t\t<\/div>\n\t\t","protected":false},"excerpt":{"rendered":"<p>DELPHINE FLEURY ACCUEIL PORTFOLIO SERVICES CONTACT Politique de confidentialit\u00e9 1. Qui sommes nous Le site web\u00a0www.delphinefleury.com\u00a0est le site de l&rsquo;EI Delphine Fleury.Il s\u2019agit d\u2019un site pr\u00e9sentant les informations et services de l&rsquo;entreprise. 2. Collecte de l\u2019information Nous recueillons des informations lorsque vous vous inscrivez sur notre site, lorsque vous vous connectez \u00e0 votre compte, faites [&hellip;]<\/p>\n","protected":false},"author":1,"featured_media":0,"parent":0,"menu_order":0,"comment_status":"closed","ping_status":"closed","template":"","meta":{"footnotes":""},"class_list":["post-730","page","type-page","status-publish","hentry"],"yoast_head":"<!-- This site is optimized with the Yoast SEO plugin v27.2 - https:\/\/yoast.com\/product\/yoast-seo-wordpress\/ -->\n<title>Politiques de confidentialit\u00e9 - Delphine Fleury<\/title>\n<meta name=\"robots\" content=\"index, follow, max-snippet:-1, max-image-preview:large, max-video-preview:-1\" \/>\n<link rel=\"canonical\" href=\"https:\/\/delphinefleury.com\/index.php\/politiques-de-confidentialite\/\" \/>\n<meta property=\"og:locale\" content=\"fr_FR\" \/>\n<meta property=\"og:type\" content=\"article\" \/>\n<meta property=\"og:title\" content=\"Politiques de confidentialit\u00e9 - Delphine Fleury\" \/>\n<meta property=\"og:description\" content=\"DELPHINE FLEURY ACCUEIL PORTFOLIO SERVICES CONTACT Politique de confidentialit\u00e9 1. Qui sommes nous Le site web\u00a0www.delphinefleury.com\u00a0est le site de l&rsquo;EI Delphine Fleury.Il s\u2019agit d\u2019un site pr\u00e9sentant les informations et services de l&rsquo;entreprise. 2. Collecte de l\u2019information Nous recueillons des informations lorsque vous vous inscrivez sur notre site, lorsque vous vous connectez \u00e0 votre compte, faites [&hellip;]\" \/>\n<meta property=\"og:url\" content=\"https:\/\/delphinefleury.com\/index.php\/politiques-de-confidentialite\/\" \/>\n<meta property=\"og:site_name\" content=\"Delphine Fleury\" \/>\n<meta property=\"article:modified_time\" content=\"2026-03-31T15:01:14+00:00\" \/>\n<meta name=\"twitter:card\" content=\"summary_large_image\" \/>\n<meta name=\"twitter:label1\" content=\"Dur\u00e9e de lecture estim\u00e9e\" \/>\n\t<meta name=\"twitter:data1\" content=\"8 minutes\" \/>\n<script type=\"application\/ld+json\" class=\"yoast-schema-graph\">{\"@context\":\"https:\/\/schema.org\",\"@graph\":[{\"@type\":\"WebPage\",\"@id\":\"https:\/\/delphinefleury.com\/index.php\/politiques-de-confidentialite\/\",\"url\":\"https:\/\/delphinefleury.com\/index.php\/politiques-de-confidentialite\/\",\"name\":\"Politiques de confidentialit\u00e9 - Delphine Fleury\",\"isPartOf\":{\"@id\":\"https:\/\/delphinefleury.com\/#website\"},\"datePublished\":\"2026-03-23T13:49:19+00:00\",\"dateModified\":\"2026-03-31T15:01:14+00:00\",\"breadcrumb\":{\"@id\":\"https:\/\/delphinefleury.com\/index.php\/politiques-de-confidentialite\/#breadcrumb\"},\"inLanguage\":\"fr-FR\",\"potentialAction\":[{\"@type\":\"ReadAction\",\"target\":[\"https:\/\/delphinefleury.com\/index.php\/politiques-de-confidentialite\/\"]}]},{\"@type\":\"BreadcrumbList\",\"@id\":\"https:\/\/delphinefleury.com\/index.php\/politiques-de-confidentialite\/#breadcrumb\",\"itemListElement\":[{\"@type\":\"ListItem\",\"position\":1,\"name\":\"Accueil\",\"item\":\"https:\/\/delphinefleury.com\/\"},{\"@type\":\"ListItem\",\"position\":2,\"name\":\"Politiques de confidentialit\u00e9\"}]},{\"@type\":\"WebSite\",\"@id\":\"https:\/\/delphinefleury.com\/#website\",\"url\":\"https:\/\/delphinefleury.com\/\",\"name\":\"Delphine Fleury\",\"description\":\"Graphiste - Maquettiste\",\"potentialAction\":[{\"@type\":\"SearchAction\",\"target\":{\"@type\":\"EntryPoint\",\"urlTemplate\":\"https:\/\/delphinefleury.com\/?s={search_term_string}\"},\"query-input\":{\"@type\":\"PropertyValueSpecification\",\"valueRequired\":true,\"valueName\":\"search_term_string\"}}],\"inLanguage\":\"fr-FR\"}]}<\/script>\n<!-- \/ Yoast SEO plugin. -->","yoast_head_json":{"title":"Politiques de confidentialit\u00e9 - Delphine Fleury","robots":{"index":"index","follow":"follow","max-snippet":"max-snippet:-1","max-image-preview":"max-image-preview:large","max-video-preview":"max-video-preview:-1"},"canonical":"https:\/\/delphinefleury.com\/index.php\/politiques-de-confidentialite\/","og_locale":"fr_FR","og_type":"article","og_title":"Politiques de confidentialit\u00e9 - Delphine Fleury","og_description":"DELPHINE FLEURY ACCUEIL PORTFOLIO SERVICES CONTACT Politique de confidentialit\u00e9 1. Qui sommes nous Le site web\u00a0www.delphinefleury.com\u00a0est le site de l&rsquo;EI Delphine Fleury.Il s\u2019agit d\u2019un site pr\u00e9sentant les informations et services de l&rsquo;entreprise. 2. Collecte de l\u2019information Nous recueillons des informations lorsque vous vous inscrivez sur notre site, lorsque vous vous connectez \u00e0 votre compte, faites [&hellip;]","og_url":"https:\/\/delphinefleury.com\/index.php\/politiques-de-confidentialite\/","og_site_name":"Delphine Fleury","article_modified_time":"2026-03-31T15:01:14+00:00","twitter_card":"summary_large_image","twitter_misc":{"Dur\u00e9e de lecture estim\u00e9e":"8 minutes"},"schema":{"@context":"https:\/\/schema.org","@graph":[{"@type":"WebPage","@id":"https:\/\/delphinefleury.com\/index.php\/politiques-de-confidentialite\/","url":"https:\/\/delphinefleury.com\/index.php\/politiques-de-confidentialite\/","name":"Politiques de confidentialit\u00e9 - Delphine Fleury","isPartOf":{"@id":"https:\/\/delphinefleury.com\/#website"},"datePublished":"2026-03-23T13:49:19+00:00","dateModified":"2026-03-31T15:01:14+00:00","breadcrumb":{"@id":"https:\/\/delphinefleury.com\/index.php\/politiques-de-confidentialite\/#breadcrumb"},"inLanguage":"fr-FR","potentialAction":[{"@type":"ReadAction","target":["https:\/\/delphinefleury.com\/index.php\/politiques-de-confidentialite\/"]}]},{"@type":"BreadcrumbList","@id":"https:\/\/delphinefleury.com\/index.php\/politiques-de-confidentialite\/#breadcrumb","itemListElement":[{"@type":"ListItem","position":1,"name":"Accueil","item":"https:\/\/delphinefleury.com\/"},{"@type":"ListItem","position":2,"name":"Politiques de confidentialit\u00e9"}]},{"@type":"WebSite","@id":"https:\/\/delphinefleury.com\/#website","url":"https:\/\/delphinefleury.com\/","name":"Delphine Fleury","description":"Graphiste - Maquettiste","potentialAction":[{"@type":"SearchAction","target":{"@type":"EntryPoint","urlTemplate":"https:\/\/delphinefleury.com\/?s={search_term_string}"},"query-input":{"@type":"PropertyValueSpecification","valueRequired":true,"valueName":"search_term_string"}}],"inLanguage":"fr-FR"}]}},"_links":{"self":[{"href":"https:\/\/delphinefleury.com\/index.php\/wp-json\/wp\/v2\/pages\/730","targetHints":{"allow":["GET"]}}],"collection":[{"href":"https:\/\/delphinefleury.com\/index.php\/wp-json\/wp\/v2\/pages"}],"about":[{"href":"https:\/\/delphinefleury.com\/index.php\/wp-json\/wp\/v2\/types\/page"}],"author":[{"embeddable":true,"href":"https:\/\/delphinefleury.com\/index.php\/wp-json\/wp\/v2\/users\/1"}],"replies":[{"embeddable":true,"href":"https:\/\/delphinefleury.com\/index.php\/wp-json\/wp\/v2\/comments?post=730"}],"version-history":[{"count":11,"href":"https:\/\/delphinefleury.com\/index.php\/wp-json\/wp\/v2\/pages\/730\/revisions"}],"predecessor-version":[{"id":902,"href":"https:\/\/delphinefleury.com\/index.php\/wp-json\/wp\/v2\/pages\/730\/revisions\/902"}],"wp:attachment":[{"href":"https:\/\/delphinefleury.com\/index.php\/wp-json\/wp\/v2\/media?parent=730"}],"curies":[{"name":"wp","href":"https:\/\/api.w.org\/{rel}","templated":true}]}}